{"id":148,"date":"2024-03-12T18:24:41","date_gmt":"2024-03-12T18:24:41","guid":{"rendered":"https:\/\/hidrocleanags.com.mx\/?page_id=148"},"modified":"2025-01-08T15:45:13","modified_gmt":"2025-01-08T15:45:13","slug":"sobre-nosotros","status":"publish","type":"page","link":"https:\/\/hidrocleanags.com.mx\/index.php\/sample-page\/sobre-nosotros\/","title":{"rendered":"Sobre Nosotros"},"content":{"rendered":"\t\t<div data-elementor-type=\"wp-page\" data-elementor-id=\"148\" class=\"elementor elementor-148\">\n\t\t\t\t<div class=\"elementor-element elementor-element-b02bab3 e-flex e-con-boxed e-con e-parent\" data-id=\"b02bab3\" data-element_type=\"container\">\n\t\t\t\t\t<div class=\"e-con-inner\">\n\t\t<div class=\"elementor-element elementor-element-455d1f7 e-con-full e-flex e-con e-child\" data-id=\"455d1f7\" data-element_type=\"container\">\n\t\t\t\t<div class=\"elementor-element elementor-element-1aaed3a elementor-arrows-position-outside elementor-widget elementor-widget-image-carousel\" data-id=\"1aaed3a\" data-element_type=\"widget\" data-settings=\"{&quot;slides_to_show&quot;:&quot;1&quot;,&quot;navigation&quot;:&quot;arrows&quot;,&quot;autoplay&quot;:&quot;yes&quot;,&quot;pause_on_hover&quot;:&quot;yes&quot;,&quot;pause_on_interaction&quot;:&quot;yes&quot;,&quot;autoplay_speed&quot;:5000,&quot;infinite&quot;:&quot;yes&quot;,&quot;effect&quot;:&quot;slide&quot;,&quot;speed&quot;:500}\" data-widget_type=\"image-carousel.default\">\n\t\t\t\t<div class=\"elementor-widget-container\">\n\t\t\t\t\t\t\t<div class=\"elementor-image-carousel-wrapper swiper\" role=\"region\" aria-roledescription=\"carousel\" aria-label=\"Carrusel de im\u00e1genes\" dir=\"ltr\">\n\t\t\t<div class=\"elementor-image-carousel swiper-wrapper\" aria-live=\"off\">\n\t\t\t\t\t\t\t\t<div class=\"swiper-slide\" role=\"group\" aria-roledescription=\"slide\" aria-label=\"1 de 4\"><figure class=\"swiper-slide-inner\"><img decoding=\"async\" class=\"swiper-slide-image\" src=\"https:\/\/hidrocleanags.com.mx\/wp-content\/uploads\/2024\/04\/Marca-HC1-768x768.jpg\" alt=\"Marca HC1\" \/><\/figure><\/div><div class=\"swiper-slide\" role=\"group\" aria-roledescription=\"slide\" aria-label=\"2 de 4\"><figure class=\"swiper-slide-inner\"><img decoding=\"async\" class=\"swiper-slide-image\" src=\"https:\/\/hidrocleanags.com.mx\/wp-content\/uploads\/2024\/04\/Marca-HC2-768x768.jpg\" alt=\"Marca HC2\" \/><\/figure><\/div><div class=\"swiper-slide\" role=\"group\" aria-roledescription=\"slide\" aria-label=\"3 de 4\"><figure class=\"swiper-slide-inner\"><img decoding=\"async\" class=\"swiper-slide-image\" src=\"https:\/\/hidrocleanags.com.mx\/wp-content\/uploads\/2024\/04\/Marca-HC3-768x768.jpg\" alt=\"Marca HC3\" \/><\/figure><\/div><div class=\"swiper-slide\" role=\"group\" aria-roledescription=\"slide\" aria-label=\"4 de 4\"><figure class=\"swiper-slide-inner\"><img decoding=\"async\" class=\"swiper-slide-image\" src=\"https:\/\/hidrocleanags.com.mx\/wp-content\/uploads\/2024\/04\/Marca-HC4-768x768.jpg\" alt=\"Marca HC4\" \/><\/figure><\/div>\t\t\t<\/div>\n\t\t\t\t\t\t\t\t\t\t\t\t<div class=\"elementor-swiper-button elementor-swiper-button-prev\" role=\"button\" tabindex=\"0\">\n\t\t\t\t\t\t<svg aria-hidden=\"true\" class=\"e-font-icon-svg e-eicon-chevron-left\" viewBox=\"0 0 1000 1000\" xmlns=\"http:\/\/www.w3.org\/2000\/svg\"><path d=\"M646 125C629 125 613 133 604 142L308 442C296 454 292 471 292 487 292 504 296 521 308 533L604 854C617 867 629 875 646 875 663 875 679 871 692 858 704 846 713 829 713 812 713 796 708 779 692 767L438 487 692 225C700 217 708 204 708 187 708 171 704 154 692 142 675 129 663 125 646 125Z\"><\/path><\/svg>\t\t\t\t\t<\/div>\n\t\t\t\t\t<div class=\"elementor-swiper-button elementor-swiper-button-next\" role=\"button\" tabindex=\"0\">\n\t\t\t\t\t\t<svg aria-hidden=\"true\" class=\"e-font-icon-svg e-eicon-chevron-right\" viewBox=\"0 0 1000 1000\" xmlns=\"http:\/\/www.w3.org\/2000\/svg\"><path d=\"M696 533C708 521 713 504 713 487 713 471 708 454 696 446L400 146C388 133 375 125 354 125 338 125 325 129 313 142 300 154 292 171 292 187 292 204 296 221 308 233L563 492 304 771C292 783 288 800 288 817 288 833 296 850 308 863 321 871 338 875 354 875 371 875 388 867 400 854L696 533Z\"><\/path><\/svg>\t\t\t\t\t<\/div>\n\t\t\t\t\n\t\t\t\t\t\t\t\t\t<\/div>\n\t\t\t\t\t\t<\/div>\n\t\t\t\t<\/div>\n\t\t\t\t<\/div>\n\t\t<div class=\"elementor-element elementor-element-fb96041 e-con-full e-flex e-con e-child\" data-id=\"fb96041\" data-element_type=\"container\">\n\t\t<div class=\"elementor-element elementor-element-9473b85 e-flex e-con-boxed e-con e-child\" data-id=\"9473b85\" data-element_type=\"container\">\n\t\t\t\t\t<div class=\"e-con-inner\">\n\t\t\t\t<div class=\"elementor-element elementor-element-27e009e elementor-widget elementor-widget-spacer\" data-id=\"27e009e\" data-element_type=\"widget\" data-widget_type=\"spacer.default\">\n\t\t\t\t<div class=\"elementor-widget-container\">\n\t\t\t\t\t\t\t<div class=\"elementor-spacer\">\n\t\t\t<div class=\"elementor-spacer-inner\"><\/div>\n\t\t<\/div>\n\t\t\t\t\t\t<\/div>\n\t\t\t\t<\/div>\n\t\t\t\t<div class=\"elementor-element elementor-element-38ebecd elementor-widget elementor-widget-text-editor\" data-id=\"38ebecd\" data-element_type=\"widget\" data-widget_type=\"text-editor.default\">\n\t\t\t\t<div class=\"elementor-widget-container\">\n\t\t\t\t\t\t\t\t\t<h5><span style=\"font-family: var(--wp--custom--headings--typography--font-family); font-size: 1.25rem; color: var( --e-global-color-text ); text-align: var(--text-align); background-color: var(--wp--preset--color--startupzy-bgsoft);\">HidroClean busca ofrecer servicios y productos de limpieza econ\u00f3micos con los est\u00e1ndares m\u00e1s altos de calidad, seguros y 100% biodegradables.<\/span><\/h5><h5>Cabe mencionar que el factor que nos caracteriza es que buscamos constantemente la innovaci\u00f3n, variedad y calidad en los productos y servicios que ofrecemos, as\u00ed mismo\u00a0contamos con la atenci\u00f3n personalizada y un sistema de distribuci\u00f3n y entrega eficaz, reconociendo que el factor m\u00e1s importante con el que contamos es el CAPITAL HUMANO, por eso no solo cumplimos con el cliente con el servicio de primera, tambi\u00e9n lo hacemos con nuestros empleados en sus sueldos y derechos laborales.<\/h5>\t\t\t\t\t\t\t\t<\/div>\n\t\t\t\t<\/div>\n\t\t\t\t\t<\/div>\n\t\t\t\t<\/div>\n\t\t\t\t<\/div>\n\t\t\t\t\t<\/div>\n\t\t\t\t<\/div>\n\t\t<div class=\"elementor-element elementor-element-8b784ff e-flex e-con-boxed e-con e-parent\" data-id=\"8b784ff\" data-element_type=\"container\">\n\t\t\t\t\t<div class=\"e-con-inner\">\n\t\t\t\t<div class=\"elementor-element elementor-element-7a39b08 elementor-widget-divider--view-line elementor-widget elementor-widget-divider\" data-id=\"7a39b08\" data-element_type=\"widget\" data-widget_type=\"divider.default\">\n\t\t\t\t<div class=\"elementor-widget-container\">\n\t\t\t\t\t\t\t<div class=\"elementor-divider\">\n\t\t\t<span class=\"elementor-divider-separator\">\n\t\t\t\t\t\t<\/span>\n\t\t<\/div>\n\t\t\t\t\t\t<\/div>\n\t\t\t\t<\/div>\n\t\t\t\t\t<\/div>\n\t\t\t\t<\/div>\n\t\t\t\t<\/div>\n\t\t","protected":false},"excerpt":{"rendered":"<p>HidroClean busca ofrecer servicios y productos de limpieza econ\u00f3micos con los est\u00e1ndares m\u00e1s altos de calidad, seguros y 100% biodegradables. Cabe mencionar que el factor que nos caracteriza es que buscamos constantemente la innovaci\u00f3n, variedad y calidad en los productos y servicios que ofrecemos, as\u00ed mismo\u00a0contamos con la atenci\u00f3n personalizada y un sistema de distribuci\u00f3n y entrega eficaz, reconociendo que el factor m\u00e1s importante con el que contamos es el CAPITAL HUMANO, por eso no solo cumplimos con el cliente con el servicio de primera, tambi\u00e9n lo hacemos con nuestros empleados en sus sueldos y derechos laborales.<\/p>\n","protected":false},"author":1,"featured_media":0,"parent":2,"menu_order":0,"comment_status":"closed","ping_status":"closed","template":"","meta":{"footnotes":""},"class_list":["post-148","page","type-page","status-publish","hentry"],"_links":{"self":[{"href":"https:\/\/hidrocleanags.com.mx\/index.php\/wp-json\/wp\/v2\/pages\/148","targetHints":{"allow":["GET"]}}],"collection":[{"href":"https:\/\/hidrocleanags.com.mx\/index.php\/wp-json\/wp\/v2\/pages"}],"about":[{"href":"https:\/\/hidrocleanags.com.mx\/index.php\/wp-json\/wp\/v2\/types\/page"}],"author":[{"embeddable":true,"href":"https:\/\/hidrocleanags.com.mx\/index.php\/wp-json\/wp\/v2\/users\/1"}],"replies":[{"embeddable":true,"href":"https:\/\/hidrocleanags.com.mx\/index.php\/wp-json\/wp\/v2\/comments?post=148"}],"version-history":[{"count":31,"href":"https:\/\/hidrocleanags.com.mx\/index.php\/wp-json\/wp\/v2\/pages\/148\/revisions"}],"predecessor-version":[{"id":781,"href":"https:\/\/hidrocleanags.com.mx\/index.php\/wp-json\/wp\/v2\/pages\/148\/revisions\/781"}],"up":[{"embeddable":true,"href":"https:\/\/hidrocleanags.com.mx\/index.php\/wp-json\/wp\/v2\/pages\/2"}],"wp:attachment":[{"href":"https:\/\/hidrocleanags.com.mx\/index.php\/wp-json\/wp\/v2\/media?parent=148"}],"curies":[{"name":"wp","href":"https:\/\/api.w.org\/{rel}","templated":true}]}}